{"id":314,"date":"2019-05-29T12:31:46","date_gmt":"2019-05-29T12:31:46","guid":{"rendered":"https:\/\/hallafiske.se\/?page_id=314"},"modified":"2025-12-07T12:45:56","modified_gmt":"2025-12-07T12:45:56","slug":"lankar","status":"publish","type":"page","link":"https:\/\/hallafiske.se\/?page_id=314","title":{"rendered":""},"content":{"rendered":"<h1 style=\"text-align: center;\"><strong>Samarbetspartner<\/strong><\/h1>\n<p style=\"text-align: left;\"><strong>Edshultshall:<br \/><\/strong><\/p>\n<p style=\"text-align: left;\"><a href=\"https:\/\/www.ladfabriken.eu\/\" target=\"_blank\" rel=\"noopener noreferrer\"><img loading=\"lazy\" decoding=\"async\" class=\"aligncenter wp-image-385 size-full\" src=\"https:\/\/hallafiske.se\/wp-content\/uploads\/2019\/07\/L\u00e5dfabriken-plugg-e1562568416599.jpg\" alt=\"\" width=\"501\" height=\"181\" \/><\/a><\/p>\n<p style=\"text-align: left;\"><strong>H\u00e4llevik:<\/strong><\/p>\n<p>Pizzeria Bassotto, H\u00e4llevik, (ligger granne med Hotel Strana) erbjuder i samband med b\u00e5ttur, fisketur eller hummersafari\u00a0 25 % p\u00e5 deras vedeldade pizzor.\u00a0\u00a0<\/p>\n<p>Vid st\u00f6rre grupper (\u00f6ver 4 personer) kan vi erbjuda att vi h\u00e4mtar och l\u00e4mnar er utanf\u00f6r Pizzeria Bassotto.\u00a0<\/p>\n<p style=\"text-align: left;\">\u00a0<\/p>\n<p><strong>Solid:\u00a0<\/strong>Caravan Club Solids Camping\u00a0<\/p>\n<p>\u00a0<\/p>\n\n\n<p><\/p>\n","protected":false},"excerpt":{"rendered":"<p>Samarbetspartner Edshultshall: H\u00e4llevik: Pizzeria Bassotto, H\u00e4llevik, (ligger granne med Hotel Strana) erbjuder i samband med b\u00e5ttur, fisketur eller hummersafari\u00a0 25 % p\u00e5 deras vedeldade pizzor.\u00a0\u00a0 Vid st\u00f6rre grupper (\u00f6ver 4 personer) kan vi erbjuda att vi h\u00e4mtar och l\u00e4mnar er utanf\u00f6r Pizzeria Bassotto.\u00a0 \u00a0 Solid:\u00a0Caravan Club Solids Camping\u00a0 \u00a0<\/p>\n","protected":false},"author":1,"featured_media":0,"parent":0,"menu_order":0,"comment_status":"closed","ping_status":"closed","template":"","meta":{"two_page_speed":[],"footnotes":""},"class_list":["post-314","page","type-page","status-publish","hentry"],"_links":{"self":[{"href":"https:\/\/hallafiske.se\/index.php?rest_route=\/wp\/v2\/pages\/314","targetHints":{"allow":["GET"]}}],"collection":[{"href":"https:\/\/hallafiske.se\/index.php?rest_route=\/wp\/v2\/pages"}],"about":[{"href":"https:\/\/hallafiske.se\/index.php?rest_route=\/wp\/v2\/types\/page"}],"author":[{"embeddable":true,"href":"https:\/\/hallafiske.se\/index.php?rest_route=\/wp\/v2\/users\/1"}],"replies":[{"embeddable":true,"href":"https:\/\/hallafiske.se\/index.php?rest_route=%2Fwp%2Fv2%2Fcomments&post=314"}],"version-history":[{"count":15,"href":"https:\/\/hallafiske.se\/index.php?rest_route=\/wp\/v2\/pages\/314\/revisions"}],"predecessor-version":[{"id":775,"href":"https:\/\/hallafiske.se\/index.php?rest_route=\/wp\/v2\/pages\/314\/revisions\/775"}],"wp:attachment":[{"href":"https:\/\/hallafiske.se\/index.php?rest_route=%2Fwp%2Fv2%2Fmedia&parent=314"}],"curies":[{"name":"wp","href":"https:\/\/api.w.org\/{rel}","templated":true}]}}