{"id":458,"date":"2020-08-13T15:56:34","date_gmt":"2020-08-13T15:56:34","guid":{"rendered":"https:\/\/hallafiske.se\/?page_id=458"},"modified":"2025-12-15T10:58:20","modified_gmt":"2025-12-15T10:58:20","slug":"458-2","status":"publish","type":"page","link":"https:\/\/hallafiske.se\/?page_id=458","title":{"rendered":""},"content":{"rendered":"\n<h2 class=\"wp-block-heading has-text-align-center\">Bokning &amp; Betalning<\/h2>\n\n\n\n<p>Du bokar din b\u00e5ttur&nbsp;genom telefon 0725-852741 eller genom mailadress : <a href=\"mailto:inger@hallafiske.se\">inger@hallafiske.se <\/a>. Om du uteblir, utan avbokning senast 24 timmar f\u00f6re avg\u00e5ng, debiteras fullt pris. <\/p>\n\n\n\n<p>Vi tar inte emot avbokningar via SMS, e-post eller Facebook<\/p>\n\n\n\n<p>Om turerna st\u00e4lls in pga. av d\u00e5ligt v\u00e4der, medf\u00f6rs ingen kostnad.<\/p>\n\n\n\n<p>Du kan ombord betala med Swish eller kontanter.<\/p>\n\n\n\n<p><\/p>\n\n\n\n<p>V\u00e4gbeskrivning<\/p>\n\n\n\n<p><a href=\"https:\/\/maps.app.goo.gl\/2GVP4ypUbBrzV34x6\" target=\"_blank\" rel=\"noopener\">https:\/\/maps.app.goo.gl\/2GVP4ypUbBrzV34x6<\/a><\/p>\n\n\n\n<p><\/p>\n","protected":false},"excerpt":{"rendered":"<p>Bokning &amp; Betalning Du bokar din b\u00e5ttur&nbsp;genom telefon 0725-852741 eller genom mailadress : inger@hallafiske.se . Om du uteblir, utan avbokning senast 24 timmar f\u00f6re avg\u00e5ng, debiteras fullt pris. Vi tar inte emot avbokningar via SMS, e-post eller Facebook Om turerna st\u00e4lls in pga. av d\u00e5ligt v\u00e4der, medf\u00f6rs ingen kostnad. Du kan ombord betala med Swish &hellip; <\/p>\n<p class=\"link-more\"><a href=\"https:\/\/hallafiske.se\/?page_id=458\" class=\"more-link\">Forts\u00e4tt l\u00e4sa<span class=\"screen-reader-text\"> &#8221;&#8221;<\/span><\/a><\/p>\n","protected":false},"author":1,"featured_media":0,"parent":0,"menu_order":0,"comment_status":"closed","ping_status":"closed","template":"","meta":{"two_page_speed":[],"footnotes":""},"class_list":["post-458","page","type-page","status-publish","hentry"],"_links":{"self":[{"href":"https:\/\/hallafiske.se\/index.php?rest_route=\/wp\/v2\/pages\/458","targetHints":{"allow":["GET"]}}],"collection":[{"href":"https:\/\/hallafiske.se\/index.php?rest_route=\/wp\/v2\/pages"}],"about":[{"href":"https:\/\/hallafiske.se\/index.php?rest_route=\/wp\/v2\/types\/page"}],"author":[{"embeddable":true,"href":"https:\/\/hallafiske.se\/index.php?rest_route=\/wp\/v2\/users\/1"}],"replies":[{"embeddable":true,"href":"https:\/\/hallafiske.se\/index.php?rest_route=%2Fwp%2Fv2%2Fcomments&post=458"}],"version-history":[{"count":8,"href":"https:\/\/hallafiske.se\/index.php?rest_route=\/wp\/v2\/pages\/458\/revisions"}],"predecessor-version":[{"id":819,"href":"https:\/\/hallafiske.se\/index.php?rest_route=\/wp\/v2\/pages\/458\/revisions\/819"}],"wp:attachment":[{"href":"https:\/\/hallafiske.se\/index.php?rest_route=%2Fwp%2Fv2%2Fmedia&parent=458"}],"curies":[{"name":"wp","href":"https:\/\/api.w.org\/{rel}","templated":true}]}}