{"id":92,"date":"2019-05-21T11:10:58","date_gmt":"2019-05-21T11:10:58","guid":{"rendered":"http:\/\/hallafiske.se\/?page_id=92"},"modified":"2025-12-15T10:44:06","modified_gmt":"2025-12-15T10:44:06","slug":"fisketurer-safaris","status":"publish","type":"page","link":"https:\/\/hallafiske.se\/?page_id=92","title":{"rendered":""},"content":{"rendered":"<h1 style=\"text-align: center;\"><strong>Fisketurer utom- &amp; inomsk\u00e4rs\u00a0\u00a0<\/strong><\/h1>\n<p style=\"text-align: left;\"><em>Halla\u00b4s B\u00e5t &amp; Fiske arrangerar er upplevelse p\u00e5 havet i v\u00e5r vackra sk\u00e4rg\u00e5rd runt K\u00e4ring\u00f6fjorden, M\u00e5sesk\u00e4r och Bonden\/ Svarten med omnejd. <\/em><br \/><i>Fokus ligger p\u00e5 gemenskap, sp\u00e4nning och riktigt bra fiske i spektakul\u00e4r milj\u00f6.<\/i><\/p>\n\n<div class=\"wp-block-image\">\n<figure class=\"aligncenter size-full is-resized\"><img loading=\"lazy\" decoding=\"async\" width=\"405\" height=\"538\" src=\"https:\/\/hallafiske.se\/wp-content\/uploads\/2025\/12\/Inger-rensar-fisk-1.jpg\" alt=\"\" class=\"wp-image-782\" style=\"width:330px;height:auto\" srcset=\"https:\/\/hallafiske.se\/wp-content\/uploads\/2025\/12\/Inger-rensar-fisk-1.jpg 405w, https:\/\/hallafiske.se\/wp-content\/uploads\/2025\/12\/Inger-rensar-fisk-1-226x300.jpg 226w\" sizes=\"auto, (max-width: 405px) 100vw, 405px\" \/><\/figure><\/div>\n\n<h3 style=\"text-align: center;\"><strong>Makrillfiske innanf\u00f6r Kr\u00e5ksundsgap &#8211; 2,5 timma<\/strong><\/h3>\n<p>B\u00e5tturen tar endast 10 minuter, d\u00e4r vi ankrar upp b\u00e5ten. Vi fiskar ca 2 timmar och efter halva tiden brukar det smaka bra med en fika (ing\u00e5r i turen).<\/p>\n<p style=\"text-align: left;\">Om v\u00e4dret till\u00e5ter kan vi under perioden juni-augusti \u00e4ven dra n\u00e5gon krabbtina utanf\u00f6r Kr\u00e5ksundsgap.<\/p>\n<p><a href=\"https:\/\/hallafiske.se\/wp-content\/uploads\/2025\/12\/Makkrill-med-fina-naglar-2-e1765357870551.jpg\"><img loading=\"lazy\" decoding=\"async\" class=\"aligncenter size-full wp-image-784\" src=\"https:\/\/hallafiske.se\/wp-content\/uploads\/2025\/12\/Makkrill-med-fina-naglar-2-e1765357870551.jpg\" alt=\"\" width=\"650\" height=\"488\" \/><\/a><\/p>\n<p><strong>Priser:<\/strong><\/p>\n<p>Vuxen\/barn \u00f6ver 12 \u00e5r *\u00a0 \u00a0 \u00a0 \u00a0 \u00a0 \u00a0 580 kr\u00a0 \u00a0 \u00a0 \u00a0 \u00a0 \u00a0Barn: 6-12 \u00e5r\u00a0 \u00a0 \u00a0 \u00a0 \u00a0 \u00a0310 kr<\/p>\n<p>*Avg\u00e5ng vid minst 4 bokningar &#8211; vuxen\/barn \u00f6ver 12 \u00e5r<\/p>\n<p>St\u00f6rre grupp\/f\u00f6retag: Abonnera b\u00e5ten:\u00a0 \u00a05.750 kr , m<em>ax 12 personer varav 10 fiskande<\/em><\/p>\n<p><a href=\"https:\/\/hallafiske.se\/wp-content\/uploads\/2020\/08\/IMG_7754-2.jpg\"><img loading=\"lazy\" decoding=\"async\" class=\"aligncenter size-full wp-image-485\" src=\"https:\/\/hallafiske.se\/wp-content\/uploads\/2020\/08\/IMG_7754-2.jpg\" alt=\"\" width=\"640\" height=\"482\" srcset=\"https:\/\/hallafiske.se\/wp-content\/uploads\/2020\/08\/IMG_7754-2.jpg 640w, https:\/\/hallafiske.se\/wp-content\/uploads\/2020\/08\/IMG_7754-2-300x226.jpg 300w\" sizes=\"auto, (max-width: 640px) 100vw, 640px\" \/><\/a><\/p>\n<h3 style=\"text-align: center;\"><strong>Havsfiske i omr\u00e5det utanf\u00f6r M\u00e5sesk\u00e4r,<\/strong><\/h3>\n<p>Upplev sp\u00e4nnande havsfiske p\u00e5 \u00f6ppet hav med chans p\u00e5:\u00a0 Torsk &#8211; Sej &#8211; Makrill &#8211; Plattfisk &#8211; Fj\u00e4rsing\u00a0 eller Haj. B\u00e5tturen till fiskest\u00e4llet tar ca 45 minuter enkel v\u00e4g. \u00a0Vi fiskar i ca 2 timmar.\u00a0<\/p>\n<p>Efter halva tiden brukar det smaka bra med en fika som ing\u00e5r i turen.<\/p>\n<p>P\u00e5 hemv\u00e4gen om v\u00e4dret till\u00e5ter kan vi g\u00f6ra ett stopp f\u00f6r att se s\u00e4larna som ligger p\u00e5 klipporna s\u00f6der om Bonden\/Svarten. Under perioden juni-augusti finns m\u00f6jlighet att vittja n\u00e5gon krabbtina.<\/p>\n<p><strong>Priser: \u00a0<\/strong><\/p>\n<p>* Vuxen\/barn \u00f6ver 12 \u00e5r\u00a0 *\u00a0 \u00a0 \u00a0 \u00a0 \u00a0 \u00a0780 kr\u00a0 \u00a0 \u00a0 \u00a0 \u00a0 Barn: 6-12 \u00e5r\u00a0 \u00a0 \u00a0 \u00a0 \u00a0400 kr\u00a0<\/p>\n<p>Ej l\u00e4mplig tur f\u00f6r barn under 6 \u00e5r!<\/p>\n<p>*Avg\u00e5ng vid minst 4 bokningar &#8211; vuxen\/barn \u00f6ver 12 \u00e5r.\u00a0<\/p>\n<p>St\u00f6rre grupp\/f\u00f6retag: Abonnera b\u00e5ten:\u00a0 \u00a07.750 kr, m<em>ax 12 personer varav 9 fiskande<\/em><\/p>\n<p align=\"center\"><a href=\"https:\/\/hallafiske.se\/wp-content\/uploads\/2019\/05\/Makrillfiske-e1558450872779.jpeg\"><img loading=\"lazy\" decoding=\"async\" class=\"aligncenter  wp-image-194\" src=\"https:\/\/hallafiske.se\/wp-content\/uploads\/2019\/05\/Makrillfiske-e1558450872779.jpeg\" alt=\"\" width=\"643\" height=\"328\" srcset=\"https:\/\/hallafiske.se\/wp-content\/uploads\/2019\/05\/Makrillfiske-e1558450872779.jpeg 1439w, https:\/\/hallafiske.se\/wp-content\/uploads\/2019\/05\/Makrillfiske-e1558450872779-300x153.jpeg 300w, https:\/\/hallafiske.se\/wp-content\/uploads\/2019\/05\/Makrillfiske-e1558450872779-768x392.jpeg 768w, https:\/\/hallafiske.se\/wp-content\/uploads\/2019\/05\/Makrillfiske-e1558450872779-1024x522.jpeg 1024w\" sizes=\"auto, (max-width: 643px) 100vw, 643px\" \/><\/a><\/p>\n<p style=\"text-align: center;\"><strong>Om turerna st\u00e4lls in pga. av d\u00e5ligt v\u00e4der, medf\u00f6r ingen kostnad.<\/strong><\/p>\n<p><strong>F\u00f6r turerna g\u00e4ller f\u00f6ljande:<\/strong><\/p>\n<ul>\n<li>Period: Slutet av maj tom mitten av september,<\/li>\n<li>Barn under 16 \u00e5r i m\u00e5lsmans s\u00e4llskap.<\/li>\n<li>Turerna k\u00f6rs enbart om v\u00e4der och vind till\u00e5ter.<\/li>\n<li>Betalning: Kontant eller swich.<\/li>\n<li>F\u00f6retagskunder + 6 % moms.<\/li>\n<\/ul>\n<p><strong>Ing\u00e5r:<\/strong><\/p>\n<ul>\n<li>Fika: kaffe\/te\/saft och bulle\/fralla<\/li>\n<li>Flytv\u00e4st: barn\/vuxna<\/li>\n<\/ul>\n<p><strong>Att hyra\/kostnad:<\/strong><\/p>\n<p>Fiskeredskap med h\u00e4ckla (haspelsp\u00f6 eller havsfiskesp\u00f6), 130 kr per person<\/p>\n<p>Kostnad f\u00f6r f\u00f6rlorad h\u00e4ckla och pilk 110 k\/st.<\/p>\n<p>*************************************************************************************************************<\/p>\n<p><a href=\"https:\/\/hallafiske.se\/wp-content\/uploads\/2025\/12\/OIP.webp\"><img loading=\"lazy\" decoding=\"async\" class=\"aligncenter size-full wp-image-798\" src=\"https:\/\/hallafiske.se\/wp-content\/uploads\/2025\/12\/OIP.webp\" alt=\"\" width=\"474\" height=\"362\" srcset=\"https:\/\/hallafiske.se\/wp-content\/uploads\/2025\/12\/OIP.webp 474w, https:\/\/hallafiske.se\/wp-content\/uploads\/2025\/12\/OIP-300x229.webp 300w\" sizes=\"auto, (max-width: 474px) 100vw, 474px\" \/><\/a><\/p>\n<p style=\"text-align: center;\"><em>Pizzeria Bassotto, H\u00e4llevik, (ligger granne med Hotel Strana) erbjuder i samband med<\/em> <em>b\u00e5ttur, fisketur eller hummersafari\u00a0 <strong>25 %<\/strong> p\u00e5 deras vedeldade pizzor.\u00a0\u00a0<\/em><\/p>\n<p style=\"text-align: center;\"><em>Vid st\u00f6rre grupper (\u00f6ver 4 personer) kan vi erbjuda att vi h\u00e4mtar och l\u00e4mnar er utanf\u00f6r<\/em> <em>Pizzeria Bassotto.\u00a0<\/em><\/p>\n<p><img decoding=\"async\" src=\"https:\/\/www.bing.com\/maps\/geoplat\/REST\/v1\/Imagery\/Map\/RoadVibrant\/58.118919,11.450266\/15?ms=323,200&amp;sv=9.43&amp;ml=Basemap,LandCover,Landmarks&amp;key=AnTcaqBi2ypp0xI-OZNi4W_ik2KhjgpqioTAtXLC8GzkMBQRMlyxvxyTnd5b73im&amp;c=sv-SE&amp;fmt=jpeg&amp;od=2&amp;shading=hill&amp;logo=n&amp;da=ro&amp;pp=58.118919,11.450266;rstp.ss;Bassotto+Pizza\" alt=\"Karta \u00f6ver bassotto h\u00e4lleviksstrand\" \/>\u00a0<\/p>\n<p>************************************************************************************************************<\/p>\n<p><em>Priset p\u00e5 v\u00e5ra turer\u00a0 g\u00e4ller fr\u00e5n 15 april &#8211; 30 november 2026.<\/em><\/p>\n\n\n<p><\/p>\n","protected":false},"excerpt":{"rendered":"<p>Fisketurer utom- &amp; inomsk\u00e4rs\u00a0\u00a0 Halla\u00b4s B\u00e5t &amp; Fiske arrangerar er upplevelse p\u00e5 havet i v\u00e5r vackra sk\u00e4rg\u00e5rd runt K\u00e4ring\u00f6fjorden, M\u00e5sesk\u00e4r och Bonden\/ Svarten med omnejd. Fokus ligger p\u00e5 gemenskap, sp\u00e4nning och riktigt bra fiske i spektakul\u00e4r milj\u00f6. Makrillfiske innanf\u00f6r Kr\u00e5ksundsgap &#8211; 2,5 timma B\u00e5tturen tar endast 10 minuter, d\u00e4r vi ankrar upp b\u00e5ten. Vi fiskar &hellip; <\/p>\n<p class=\"link-more\"><a href=\"https:\/\/hallafiske.se\/?page_id=92\" class=\"more-link\">Forts\u00e4tt l\u00e4sa<span class=\"screen-reader-text\"> &#8221;&#8221;<\/span><\/a><\/p>\n","protected":false},"author":1,"featured_media":0,"parent":0,"menu_order":0,"comment_status":"closed","ping_status":"closed","template":"","meta":{"two_page_speed":[],"footnotes":""},"class_list":["post-92","page","type-page","status-publish","hentry"],"_links":{"self":[{"href":"https:\/\/hallafiske.se\/index.php?rest_route=\/wp\/v2\/pages\/92","targetHints":{"allow":["GET"]}}],"collection":[{"href":"https:\/\/hallafiske.se\/index.php?rest_route=\/wp\/v2\/pages"}],"about":[{"href":"https:\/\/hallafiske.se\/index.php?rest_route=\/wp\/v2\/types\/page"}],"author":[{"embeddable":true,"href":"https:\/\/hallafiske.se\/index.php?rest_route=\/wp\/v2\/users\/1"}],"replies":[{"embeddable":true,"href":"https:\/\/hallafiske.se\/index.php?rest_route=%2Fwp%2Fv2%2Fcomments&post=92"}],"version-history":[{"count":69,"href":"https:\/\/hallafiske.se\/index.php?rest_route=\/wp\/v2\/pages\/92\/revisions"}],"predecessor-version":[{"id":813,"href":"https:\/\/hallafiske.se\/index.php?rest_route=\/wp\/v2\/pages\/92\/revisions\/813"}],"wp:attachment":[{"href":"https:\/\/hallafiske.se\/index.php?rest_route=%2Fwp%2Fv2%2Fmedia&parent=92"}],"curies":[{"name":"wp","href":"https:\/\/api.w.org\/{rel}","templated":true}]}}